{"id":2307,"date":"2025-11-13T10:44:25","date_gmt":"2025-11-13T09:44:25","guid":{"rendered":"https:\/\/infinitekorea.fr\/?page_id=2307"},"modified":"2026-05-12T14:37:43","modified_gmt":"2026-05-12T12:37:43","slug":"nos-produits","status":"publish","type":"page","link":"https:\/\/infinitekorea.fr\/en\/nos-produits\/","title":{"rendered":"Nos Produits"},"content":{"rendered":"<div data-elementor-type=\"wp-page\" data-elementor-id=\"2307\" class=\"elementor elementor-2307\">\n\t\t\t\t<div data-ka-cursor-size=\"1\" class=\"elementor-element elementor-element-be52700 e-flex e-con-boxed e-con e-parent\" data-id=\"be52700\" data-element_type=\"container\" data-e-type=\"container\" data-settings=\"{&quot;kng_cursor_interaction&quot;:&quot;default&quot;,&quot;kng_cursor_magnetic&quot;:&quot;none&quot;,&quot;kng_cursor_size_multiplier&quot;:{&quot;unit&quot;:&quot;px&quot;,&quot;size&quot;:1,&quot;sizes&quot;:[]}}\">\n\t\t\t\t\t<div class=\"e-con-inner\">\n\t\t<div data-ka-cursor-size=\"1\" class=\"elementor-element elementor-element-9e6a8f4 e-con-full e-flex e-con e-child\" data-id=\"9e6a8f4\" data-element_type=\"container\" data-e-type=\"container\" data-settings=\"{&quot;kng_cursor_interaction&quot;:&quot;default&quot;,&quot;kng_cursor_magnetic&quot;:&quot;none&quot;,&quot;kng_cursor_size_multiplier&quot;:{&quot;unit&quot;:&quot;px&quot;,&quot;size&quot;:1,&quot;sizes&quot;:[]}}\">\n\t\t\t\t<div data-ka-cursor-size=\"1\" class=\"elementor-element elementor-element-4a861a0 elementor-widget-divider--view-line elementor-widget elementor-widget-divider\" data-id=\"4a861a0\" data-element_type=\"widget\" data-e-type=\"widget\" data-settings=\"{&quot;kng_cursor_interaction&quot;:&quot;default&quot;,&quot;kng_cursor_magnetic&quot;:&quot;none&quot;,&quot;kng_cursor_size_multiplier&quot;:{&quot;unit&quot;:&quot;px&quot;,&quot;size&quot;:1,&quot;sizes&quot;:[]}}\" data-widget_type=\"divider.default\">\n\t\t\t\t<div class=\"elementor-widget-container\">\n\t\t\t\t\t\t\t<div class=\"elementor-divider\">\n\t\t\t<span class=\"elementor-divider-separator\">\n\t\t\t\t\t\t<\/span>\n\t\t<\/div>\n\t\t\t\t\t\t<\/div>\n\t\t\t\t<\/div>\n\t\t\t\t<div data-ka-cursor-size=\"1\" class=\"elementor-element elementor-element-4292582 elementor-widget elementor-widget-heading\" data-id=\"4292582\" data-element_type=\"widget\" data-e-type=\"widget\" data-settings=\"{&quot;kng_cursor_interaction&quot;:&quot;default&quot;,&quot;kng_cursor_magnetic&quot;:&quot;none&quot;,&quot;kng_cursor_size_multiplier&quot;:{&quot;unit&quot;:&quot;px&quot;,&quot;size&quot;:1,&quot;sizes&quot;:[]}}\" data-widget_type=\"heading.default\">\n\t\t\t\t<div class=\"elementor-widget-container\">\n\t\t\t\t\t<h2 class=\"elementor-heading-title elementor-size-default\">NOS PRODUITS<\/h2>\t\t\t\t<\/div>\n\t\t\t\t<\/div>\n\t\t\t\t<div data-ka-cursor-size=\"1\" class=\"elementor-element elementor-element-6841c8b elementor-widget-divider--view-line elementor-widget elementor-widget-divider\" data-id=\"6841c8b\" data-element_type=\"widget\" data-e-type=\"widget\" data-settings=\"{&quot;kng_cursor_interaction&quot;:&quot;default&quot;,&quot;kng_cursor_magnetic&quot;:&quot;none&quot;,&quot;kng_cursor_size_multiplier&quot;:{&quot;unit&quot;:&quot;px&quot;,&quot;size&quot;:1,&quot;sizes&quot;:[]}}\" data-widget_type=\"divider.default\">\n\t\t\t\t<div class=\"elementor-widget-container\">\n\t\t\t\t\t\t\t<div class=\"elementor-divider\">\n\t\t\t<span class=\"elementor-divider-separator\">\n\t\t\t\t\t\t<\/span>\n\t\t<\/div>\n\t\t\t\t\t\t<\/div>\n\t\t\t\t<\/div>\n\t\t\t\t<\/div>\n\t\t\t\t<div data-ka-cursor-size=\"1\" class=\"elementor-element elementor-element-962dd2e elementor-widget elementor-widget-spacer\" data-id=\"962dd2e\" data-element_type=\"widget\" data-e-type=\"widget\" data-settings=\"{&quot;kng_cursor_interaction&quot;:&quot;default&quot;,&quot;kng_cursor_magnetic&quot;:&quot;none&quot;,&quot;kng_cursor_size_multiplier&quot;:{&quot;unit&quot;:&quot;px&quot;,&quot;size&quot;:1,&quot;sizes&quot;:[]}}\" data-widget_type=\"spacer.default\">\n\t\t\t\t<div class=\"elementor-widget-container\">\n\t\t\t\t\t\t\t<div class=\"elementor-spacer\">\n\t\t\t<div class=\"elementor-spacer-inner\"><\/div>\n\t\t<\/div>\n\t\t\t\t\t\t<\/div>\n\t\t\t\t<\/div>\n\t\t\t\t\t<\/div>\n\t\t\t\t<\/div>\n\t\t<div data-ka-cursor-size=\"1\" class=\"elementor-element elementor-element-161866b e-flex e-con-boxed e-con e-parent\" data-id=\"161866b\" data-element_type=\"container\" data-e-type=\"container\" data-settings=\"{&quot;kng_cursor_interaction&quot;:&quot;default&quot;,&quot;kng_cursor_magnetic&quot;:&quot;none&quot;,&quot;kng_cursor_size_multiplier&quot;:{&quot;unit&quot;:&quot;px&quot;,&quot;size&quot;:1,&quot;sizes&quot;:[]}}\">\n\t\t\t\t\t<div class=\"e-con-inner\">\n\t\t\t\t<div data-ka-cursor-size=\"1\" class=\"elementor-element elementor-element-e52bcdb elementor-widget elementor-widget-shopengine-product-list\" data-id=\"e52bcdb\" data-element_type=\"widget\" data-e-type=\"widget\" data-settings=\"{&quot;show_product_hover_overlay&quot;:&quot;yes&quot;,&quot;product_hover_overlay_position&quot;:&quot;bottom&quot;,&quot;kng_cursor_interaction&quot;:&quot;default&quot;,&quot;kng_cursor_magnetic&quot;:&quot;none&quot;,&quot;kng_cursor_size_multiplier&quot;:{&quot;unit&quot;:&quot;px&quot;,&quot;size&quot;:1,&quot;sizes&quot;:[]}}\" data-widget_type=\"shopengine-product-list.default\">\n\t\t\t\t<div class=\"elementor-widget-container\">\n\t\t\t\t\t<div class=\"shopengine shopengine-widget\"><\/div>\t\t\t\t<\/div>\n\t\t\t\t<\/div>\n\t\t\t\t\t<\/div>\n\t\t\t\t<\/div>\n\t\t<div data-ka-cursor-size=\"1\" class=\"elementor-element elementor-element-2191772 e-flex e-con-boxed e-con e-parent\" data-id=\"2191772\" data-element_type=\"container\" data-e-type=\"container\" data-settings=\"{&quot;kng_cursor_interaction&quot;:&quot;default&quot;,&quot;kng_cursor_magnetic&quot;:&quot;none&quot;,&quot;kng_cursor_size_multiplier&quot;:{&quot;unit&quot;:&quot;px&quot;,&quot;size&quot;:1,&quot;sizes&quot;:[]}}\">\n\t\t\t\t\t<div class=\"e-con-inner\">\n\t\t\t\t<div data-ka-cursor-size=\"1\" class=\"elementor-element elementor-element-aee978d elementor-widget-divider--view-line elementor-widget elementor-widget-divider\" data-id=\"aee978d\" data-element_type=\"widget\" data-e-type=\"widget\" data-settings=\"{&quot;kng_cursor_interaction&quot;:&quot;default&quot;,&quot;kng_cursor_magnetic&quot;:&quot;none&quot;,&quot;kng_cursor_size_multiplier&quot;:{&quot;unit&quot;:&quot;px&quot;,&quot;size&quot;:1,&quot;sizes&quot;:[]}}\" data-widget_type=\"divider.default\">\n\t\t\t\t<div class=\"elementor-widget-container\">\n\t\t\t\t\t\t\t<div class=\"elementor-divider\">\n\t\t\t<span class=\"elementor-divider-separator\">\n\t\t\t\t\t\t<\/span>\n\t\t<\/div>\n\t\t\t\t\t\t<\/div>\n\t\t\t\t<\/div>\n\t\t\t\t\t<\/div>\n\t\t\t\t<\/div>\n\t\t\t\t<\/div>","protected":false},"excerpt":{"rendered":"<p>NOS PRODUITS Ajouter au panier S\u00e9rum Pores dilat\u00e9s et irr\u00e9gularit\u00e9s VT\u202fCOSMETICS \u2013 Reti\u2011A Re Note 0 sur 5(0) 38,90&nbsp;&euro; Ajouter au panier Gloss AUTRES SOINS VT\u202fCOSMETICS \u2013 Reedle\u202fSh Note 0 sur 5(0) 21,90&nbsp;&euro; Ajouter au panier S\u00e9rum Pores dilat\u00e9s et irr\u00e9gularit\u00e9s VT\u202fCOSMETICS \u2013 Reedle\u202fSh Note 0 sur 5(0) 29,90&nbsp;&euro; Ajouter au panier S\u00e9rum Rides et [&hellip;]<\/p>\n","protected":false},"author":188674855,"featured_media":0,"parent":0,"menu_order":0,"comment_status":"closed","ping_status":"closed","template":"","meta":{"_crdt_document":"","advanced_seo_description":"","jetpack_seo_html_title":"","jetpack_seo_noindex":false,"ocean_post_layout":"","ocean_both_sidebars_style":"","ocean_both_sidebars_content_width":0,"ocean_both_sidebars_sidebars_width":0,"ocean_sidebar":"","ocean_second_sidebar":"","ocean_disable_margins":"enable","ocean_add_body_class":"","ocean_shortcode_before_top_bar":"","ocean_shortcode_after_top_bar":"","ocean_shortcode_before_header":"","ocean_shortcode_after_header":"","ocean_has_shortcode":"","ocean_shortcode_after_title":"","ocean_shortcode_before_footer_widgets":"","ocean_shortcode_after_footer_widgets":"","ocean_shortcode_before_footer_bottom":"","ocean_shortcode_after_footer_bottom":"","ocean_display_top_bar":"default","ocean_display_header":"default","ocean_header_style":"","ocean_center_header_left_menu":"","ocean_custom_header_template":"","ocean_custom_logo":0,"ocean_custom_retina_logo":0,"ocean_custom_logo_max_width":0,"ocean_custom_logo_tablet_max_width":0,"ocean_custom_logo_mobile_max_width":0,"ocean_custom_logo_max_height":0,"ocean_custom_logo_tablet_max_height":0,"ocean_custom_logo_mobile_max_height":0,"ocean_header_custom_menu":"","ocean_menu_typo_font_family":"","ocean_menu_typo_font_subset":"","ocean_menu_typo_font_size":0,"ocean_menu_typo_font_size_tablet":0,"ocean_menu_typo_font_size_mobile":0,"ocean_menu_typo_font_size_unit":"px","ocean_menu_typo_font_weight":"","ocean_menu_typo_font_weight_tablet":"","ocean_menu_typo_font_weight_mobile":"","ocean_menu_typo_transform":"","ocean_menu_typo_transform_tablet":"","ocean_menu_typo_transform_mobile":"","ocean_menu_typo_line_height":0,"ocean_menu_typo_line_height_tablet":0,"ocean_menu_typo_line_height_mobile":0,"ocean_menu_typo_line_height_unit":"","ocean_menu_typo_spacing":0,"ocean_menu_typo_spacing_tablet":0,"ocean_menu_typo_spacing_mobile":0,"ocean_menu_typo_spacing_unit":"","ocean_menu_link_color":"","ocean_menu_link_color_hover":"","ocean_menu_link_color_active":"","ocean_menu_link_background":"","ocean_menu_link_hover_background":"","ocean_menu_link_active_background":"","ocean_menu_social_links_bg":"","ocean_menu_social_hover_links_bg":"","ocean_menu_social_links_color":"","ocean_menu_social_hover_links_color":"","ocean_disable_title":"default","ocean_disable_heading":"default","ocean_post_title":"","ocean_post_subheading":"","ocean_post_title_style":"","ocean_post_title_background_color":"","ocean_post_title_background":0,"ocean_post_title_bg_image_position":"","ocean_post_title_bg_image_attachment":"","ocean_post_title_bg_image_repeat":"","ocean_post_title_bg_image_size":"","ocean_post_title_height":0,"ocean_post_title_bg_overlay":0.5,"ocean_post_title_bg_overlay_color":"","ocean_disable_breadcrumbs":"default","ocean_breadcrumbs_color":"","ocean_breadcrumbs_separator_color":"","ocean_breadcrumbs_links_color":"","ocean_breadcrumbs_links_hover_color":"","ocean_display_footer_widgets":"default","ocean_display_footer_bottom":"default","ocean_custom_footer_template":"","footnotes":""},"class_list":["post-2307","page","type-page","status-publish","hentry","entry","owp-thumbs-layout-horizontal","owp-btn-normal","owp-tabs-layout-horizontal","has-no-thumbnails","has-product-nav"],"jetpack_likes_enabled":true,"jetpack_sharing_enabled":true,"jetpack_shortlink":"https:\/\/wp.me\/PgpXs2-Bd","jetpack-related-posts":[{"id":1422,"url":"https:\/\/infinitekorea.fr\/en\/retour-remboursement\/","url_meta":{"origin":2307,"position":0},"title":"Retour &#038; remboursement","author":"pearlzahide","date":"October 21, 2025","format":false,"excerpt":"RETOUR & REMBOURSEMENT Chez Infinite Korea, nous esp\u00e9rons que vous serez pleinement satisfait(e) de vos produits de beaut\u00e9 cor\u00e9ens.Si toutefois un article ne vous convient pas, vous disposez d\u2019un d\u00e9lai pour le retourner conform\u00e9ment \u00e0 la loi. D\u00c9LAIS ET R\u00c9TRACTATION Conform\u00e9ment \u00e0 la l\u00e9gislation en vigueur, vous disposez d\u2019un d\u00e9lai\u2026","rel":"","context":"Similar post","block_context":{"text":"Similar post","link":""},"img":{"alt_text":"","src":"","width":0,"height":0},"classes":[]},{"id":194,"url":"https:\/\/infinitekorea.fr\/en\/marques\/","url_meta":{"origin":2307,"position":1},"title":"PRODUITS PAR MARQUES","author":"pearlzahide","date":"March 18, 2025","format":false,"excerpt":"D\u00e9couvrez toutes les marques de cosm\u00e9tiques cor\u00e9ens que nous distribuons ! Cliquez sur un logo pour explorer notre s\u00e9lection de produits de la marque !","rel":"","context":"Similar post","block_context":{"text":"Similar post","link":""},"img":{"alt_text":"","src":"https:\/\/i0.wp.com\/infinitekorea.fr\/wp-content\/uploads\/2025\/09\/sg-11134004-7qvd0-lexwjruxdh08c7-150x150.jpg?resize=350%2C200&ssl=1","width":350,"height":200},"classes":[]},{"id":1418,"url":"https:\/\/infinitekorea.fr\/en\/cgv-2\/","url_meta":{"origin":2307,"position":2},"title":"CGV","author":"pearlzahide","date":"October 21, 2025","format":false,"excerpt":"CONDITIONS G\u00c9N\u00c9RALES DE VENTE Les pr\u00e9sentes Conditions G\u00e9n\u00e9rales de Vente (CGV) s\u2019appliquent \u00e0 toutes les commandes pass\u00e9es sur le Site Infinite Korea.En validant sa commande, le client reconna\u00eet avoir pris connaissance et accept\u00e9 sans r\u00e9serve les pr\u00e9sentes conditions. IDENTIFICATION DE LA SOCI\u00c9T\u00c9 NOM : Infinite KoreaADRESSE COMPL\u00c8TE\u00a0: 242 Rue L\u00e9on\u2026","rel":"","context":"Similar post","block_context":{"text":"Similar post","link":""},"img":{"alt_text":"","src":"","width":0,"height":0},"classes":[]},{"id":2360,"url":"https:\/\/infinitekorea.fr\/en\/imperfections-boutons\/","url_meta":{"origin":2307,"position":3},"title":"Imperfections \/ boutons","author":"pearlzahide","date":"November 24, 2025","format":false,"excerpt":"Votre peau a tendance \u00e0 pr\u00e9senter des imperfections, boutons ou points noirs. Pour l\u2019aider, privil\u00e9giez des soins doux mais efficaces, nettoyez-la matin et soir, et utilisez des produits adapt\u00e9s pour r\u00e9guler l\u2019exc\u00e8s de s\u00e9bum sans dess\u00e9cher la peau.N\u2019h\u00e9sitez pas \u00e0 adopter une routine simple et r\u00e9guli\u00e8re pour am\u00e9liorer son apparence\u2026","rel":"","context":"Similar post","block_context":{"text":"Similar post","link":""},"img":{"alt_text":"","src":"","width":0,"height":0},"classes":[]},{"id":1424,"url":"https:\/\/infinitekorea.fr\/en\/livraison\/","url_meta":{"origin":2307,"position":4},"title":"Livraison","author":"pearlzahide","date":"October 21, 2025","format":false,"excerpt":"LIVRAISON Chez Infinite Korea, nous pr\u00e9parons et exp\u00e9dions vos commandes avec soin afin que vous receviez vos produits de beaut\u00e9 cor\u00e9ens dans les meilleurs d\u00e9lais. D\u00c9LAIS D\u2019EXP\u00c9DITION Les commandes sont pr\u00e9par\u00e9es et exp\u00e9di\u00e9es sous 24 \u00e0 48h ouvr\u00e9es (hors week-ends et jours f\u00e9ri\u00e9s).Une fois votre commande exp\u00e9di\u00e9e, vous recevrez un\u2026","rel":"","context":"Similar post","block_context":{"text":"Similar post","link":""},"img":{"alt_text":"","src":"","width":0,"height":0},"classes":[]},{"id":1416,"url":"https:\/\/infinitekorea.fr\/en\/contact\/","url_meta":{"origin":2307,"position":5},"title":"Contact","author":"pearlzahide","date":"October 21, 2025","format":false,"excerpt":"CONTACTEZ NOTRE SERVICE CLIENT Notre \u00e9quipe est \u00e0 votre \u00e9coute du lundi au vendredi pour r\u00e9pondre \u00e0 toutes vos questions ! FORMULAIRE DE CONTACT Coordonn\u00e9es & service client \ud83d\udccd 242 Rue L\u00e9on Blum, 69100 Villeurbanne\u260e\ufe0f 06 66 12 62 20\u2709\ufe0f contact@infinitekorea.fr\ud83d\udd52 Lundi au Vendredi : 9h00 \u00e0 12h00 - 14h00\u2026","rel":"","context":"Similar post","block_context":{"text":"Similar post","link":""},"img":{"alt_text":"","src":"","width":0,"height":0},"classes":[]}],"_links":{"self":[{"href":"https:\/\/infinitekorea.fr\/en\/wp-json\/wp\/v2\/pages\/2307","targetHints":{"allow":["GET"]}}],"collection":[{"href":"https:\/\/infinitekorea.fr\/en\/wp-json\/wp\/v2\/pages"}],"about":[{"href":"https:\/\/infinitekorea.fr\/en\/wp-json\/wp\/v2\/types\/page"}],"author":[{"embeddable":true,"href":"https:\/\/infinitekorea.fr\/en\/wp-json\/wp\/v2\/users\/188674855"}],"replies":[{"embeddable":true,"href":"https:\/\/infinitekorea.fr\/en\/wp-json\/wp\/v2\/comments?post=2307"}],"version-history":[{"count":19,"href":"https:\/\/infinitekorea.fr\/en\/wp-json\/wp\/v2\/pages\/2307\/revisions"}],"predecessor-version":[{"id":3180,"href":"https:\/\/infinitekorea.fr\/en\/wp-json\/wp\/v2\/pages\/2307\/revisions\/3180"}],"wp:attachment":[{"href":"https:\/\/infinitekorea.fr\/en\/wp-json\/wp\/v2\/media?parent=2307"}],"curies":[{"name":"wp","href":"https:\/\/api.w.org\/{rel}","templated":true}]}}