{"id":2779,"date":"2026-02-17T18:05:27","date_gmt":"2026-02-17T17:05:27","guid":{"rendered":"https:\/\/infinitekorea.fr\/?post_type=product&#038;p=2779"},"modified":"2026-03-18T09:35:47","modified_gmt":"2026-03-18T08:35:47","slug":"mary-may-spicule-retinol-pdrn-cream-15-g","status":"publish","type":"product","link":"https:\/\/infinitekorea.fr\/en\/product\/mary-may-spicule-retinol-pdrn-cream-15-g\/","title":{"rendered":"MARY &#038; MAY \u2013 Spicule Retinol PDRN Cream (15 g)"},"content":{"rendered":"<p data-start=\"227\" data-end=\"576\">La <strong data-start=\"230\" data-end=\"271\">Mary &amp; May Spicule Retinol PDRN Cream<\/strong> est une cr\u00e8me r\u00e9g\u00e9n\u00e9rante hautement performante con\u00e7ue pour <strong data-start=\"332\" data-end=\"414\">stimuler le renouvellement cellulaire, raffermir la peau et lisser les ridules<\/strong>. Sa formule innovante associe <strong data-start=\"445\" data-end=\"474\">micro-spicules naturelles<\/strong>, <strong data-start=\"476\" data-end=\"487\">r\u00e9tinol<\/strong> et <strong data-start=\"491\" data-end=\"499\">PDRN<\/strong>, offrant un soin cibl\u00e9 anti-\u00e2ge inspir\u00e9 des traitements esth\u00e9tiques cor\u00e9ens.<\/p>\n<p data-start=\"578\" data-end=\"938\">Les micro-spicules favorisent la p\u00e9n\u00e9tration des actifs en profondeur pour une efficacit\u00e9 maximale, tandis que le r\u00e9tinol stimule le renouvellement cellulaire et am\u00e9liore la texture de la peau. Le PDRN (Polydeoxyribonucleotide) contribue \u00e0 r\u00e9parer et r\u00e9g\u00e9n\u00e9rer la peau, tandis que les <strong data-start=\"863\" data-end=\"876\">c\u00e9ramides<\/strong> renforcent la barri\u00e8re cutan\u00e9e et maintiennent l\u2019hydratation.<\/p>\n<p data-start=\"940\" data-end=\"1130\">Id\u00e9ale pour les peaux <strong data-start=\"962\" data-end=\"1006\">fatigu\u00e9es, ternes ou en perte de fermet\u00e9<\/strong>, cette cr\u00e8me procure une sensation de confort imm\u00e9diat et laisse la peau plus lisse, plus ferme et visiblement revitalis\u00e9e.<\/p>\n<hr data-start=\"1132\" data-end=\"1135\" \/>\n<h3 data-start=\"1137\" data-end=\"1173\"><strong data-start=\"1141\" data-end=\"1173\">Ingr\u00e9dients cl\u00e9s &amp; bienfaits<\/strong><\/h3>\n<p data-start=\"1175\" data-end=\"1206\"><strong data-start=\"1175\" data-end=\"1204\">Micro-spicules naturelles<\/strong><\/p>\n<ul data-start=\"1207\" data-end=\"1325\">\n<li data-start=\"1207\" data-end=\"1249\">\n<p data-start=\"1209\" data-end=\"1249\">Stimulent le renouvellement cellulaire<\/p>\n<\/li>\n<li data-start=\"1250\" data-end=\"1290\">\n<p data-start=\"1252\" data-end=\"1290\">Am\u00e9liorent la p\u00e9n\u00e9tration des actifs<\/p>\n<\/li>\n<li data-start=\"1291\" data-end=\"1325\">\n<p data-start=\"1293\" data-end=\"1325\">Affinent la texture de la peau<\/p>\n<\/li>\n<\/ul>\n<p data-start=\"1327\" data-end=\"1340\"><strong data-start=\"1327\" data-end=\"1338\">R\u00e9tinol<\/strong><\/p>\n<ul data-start=\"1341\" data-end=\"1458\">\n<li data-start=\"1341\" data-end=\"1386\">\n<p data-start=\"1343\" data-end=\"1386\">Lisse les ridules et rides superficielles<\/p>\n<\/li>\n<li data-start=\"1387\" data-end=\"1421\">\n<p data-start=\"1389\" data-end=\"1421\">Am\u00e9liore fermet\u00e9 et \u00e9lasticit\u00e9<\/p>\n<\/li>\n<li data-start=\"1422\" data-end=\"1458\">\n<p data-start=\"1424\" data-end=\"1458\">Favorise la r\u00e9g\u00e9n\u00e9ration cutan\u00e9e<\/p>\n<\/li>\n<\/ul>\n<p data-start=\"1460\" data-end=\"1486\"><strong data-start=\"1460\" data-end=\"1484\">PDRN (ADN de saumon)<\/strong><\/p>\n<ul data-start=\"1487\" data-end=\"1600\">\n<li data-start=\"1487\" data-end=\"1521\">\n<p data-start=\"1489\" data-end=\"1521\">Acc\u00e9l\u00e8re la r\u00e9paration cutan\u00e9e<\/p>\n<\/li>\n<li data-start=\"1522\" data-end=\"1564\">\n<p data-start=\"1524\" data-end=\"1564\">R\u00e9g\u00e9n\u00e8re la peau et am\u00e9liore son \u00e9clat<\/p>\n<\/li>\n<li data-start=\"1565\" data-end=\"1600\">\n<p data-start=\"1567\" data-end=\"1600\">Renforce la vitalit\u00e9 de la peau<\/p>\n<\/li>\n<\/ul>\n<p data-start=\"1602\" data-end=\"1617\"><strong data-start=\"1602\" data-end=\"1615\">C\u00e9ramides<\/strong><\/p>\n<ul data-start=\"1618\" data-end=\"1736\">\n<li data-start=\"1618\" data-end=\"1656\">\n<p data-start=\"1620\" data-end=\"1656\">Prot\u00e8gent contre la d\u00e9shydratation<\/p>\n<\/li>\n<li data-start=\"1657\" data-end=\"1691\">\n<p data-start=\"1659\" data-end=\"1691\">Renforcent la barri\u00e8re cutan\u00e9e<\/p>\n<\/li>\n<li data-start=\"1692\" data-end=\"1736\">\n<p data-start=\"1694\" data-end=\"1736\">Maintiennent l\u2019hydratation et le confort<\/p>\n<\/li>\n<\/ul>\n<hr data-start=\"1738\" data-end=\"1741\" \/>\n<h3 data-start=\"1743\" data-end=\"1769\"><strong data-start=\"1747\" data-end=\"1769\">Mode d\u2019utilisation<\/strong><\/h3>\n<ol data-start=\"1771\" data-end=\"1990\">\n<li data-start=\"1771\" data-end=\"1844\">\n<p data-start=\"1774\" data-end=\"1844\">Appliquer une petite quantit\u00e9 sur peau propre, apr\u00e8s toner et s\u00e9rum.<\/p>\n<\/li>\n<li data-start=\"1845\" data-end=\"1898\">\n<p data-start=\"1848\" data-end=\"1898\">Masser d\u00e9licatement jusqu\u2019\u00e0 absorption compl\u00e8te.<\/p>\n<\/li>\n<li data-start=\"1899\" data-end=\"1990\">\n<p data-start=\"1902\" data-end=\"1990\">Utiliser 2 \u00e0 3 fois par semaine, de pr\u00e9f\u00e9rence le soir, selon la tol\u00e9rance de la peau.<\/p>\n<\/li>\n<\/ol>\n<p data-start=\"1992\" data-end=\"2064\">\u26a0\ufe0f Une l\u00e9g\u00e8re sensation de picotement est normale lors de l\u2019application.<\/p>\n<hr data-start=\"2066\" data-end=\"2069\" \/>\n<h3 data-start=\"2071\" data-end=\"2097\"><strong data-start=\"2075\" data-end=\"2097\">Pourquoi l\u2019adopter<\/strong><\/h3>\n<ul data-start=\"2099\" data-end=\"2338\">\n<li data-start=\"2099\" data-end=\"2163\">\n<p data-start=\"2101\" data-end=\"2163\">Technologie aux micro-spicules pour une efficacit\u00e9 renforc\u00e9e<\/p>\n<\/li>\n<li data-start=\"2164\" data-end=\"2225\">\n<p data-start=\"2166\" data-end=\"2225\">Action anti-\u00e2ge compl\u00e8te : fermet\u00e9, \u00e9clat et r\u00e9g\u00e9n\u00e9ration<\/p>\n<\/li>\n<li data-start=\"2226\" data-end=\"2276\">\n<p data-start=\"2228\" data-end=\"2276\">Id\u00e9ale pour peaux ternes, fatigu\u00e9es ou matures<\/p>\n<\/li>\n<li data-start=\"2277\" data-end=\"2338\">\n<p data-start=\"2279\" data-end=\"2338\">Soin intensif inspir\u00e9 des traitements esth\u00e9tiques cor\u00e9ens<\/p>\n<\/li>\n<\/ul>","protected":false},"excerpt":{"rendered":"<p>Cr\u00e8me r\u00e9g\u00e9n\u00e9rante aux micro-spicules, r\u00e9tinol et PDRN, con\u00e7ue pour lisser les ridules, raffermir et revitaliser la peau en profondeur.<\/p>","protected":false},"featured_media":2781,"template":"","meta":{"_crdt_document":"","advanced_seo_description":"","jetpack_seo_html_title":"","jetpack_seo_noindex":false,"ocean_post_layout":"","ocean_both_sidebars_style":"","ocean_both_sidebars_content_width":0,"ocean_both_sidebars_sidebars_width":0,"ocean_sidebar":"0","ocean_second_sidebar":"0","ocean_disable_margins":"enable","ocean_add_body_class":"","ocean_shortcode_before_top_bar":"","ocean_shortcode_after_top_bar":"","ocean_shortcode_before_header":"","ocean_shortcode_after_header":"","ocean_has_shortcode":"","ocean_shortcode_after_title":"","ocean_shortcode_before_footer_widgets":"","ocean_shortcode_after_footer_widgets":"","ocean_shortcode_before_footer_bottom":"","ocean_shortcode_after_footer_bottom":"","ocean_display_top_bar":"default","ocean_display_header":"default","ocean_header_style":"","ocean_center_header_left_menu":"0","ocean_custom_header_template":"0","ocean_custom_logo":0,"ocean_custom_retina_logo":0,"ocean_custom_logo_max_width":0,"ocean_custom_logo_tablet_max_width":0,"ocean_custom_logo_mobile_max_width":0,"ocean_custom_logo_max_height":0,"ocean_custom_logo_tablet_max_height":0,"ocean_custom_logo_mobile_max_height":0,"ocean_header_custom_menu":"0","ocean_menu_typo_font_family":"0","ocean_menu_typo_font_subset":"","ocean_menu_typo_font_size":0,"ocean_menu_typo_font_size_tablet":0,"ocean_menu_typo_font_size_mobile":0,"ocean_menu_typo_font_size_unit":"px","ocean_menu_typo_font_weight":"","ocean_menu_typo_font_weight_tablet":"","ocean_menu_typo_font_weight_mobile":"","ocean_menu_typo_transform":"","ocean_menu_typo_transform_tablet":"","ocean_menu_typo_transform_mobile":"","ocean_menu_typo_line_height":0,"ocean_menu_typo_line_height_tablet":0,"ocean_menu_typo_line_height_mobile":0,"ocean_menu_typo_line_height_unit":"","ocean_menu_typo_spacing":0,"ocean_menu_typo_spacing_tablet":0,"ocean_menu_typo_spacing_mobile":0,"ocean_menu_typo_spacing_unit":"","ocean_menu_link_color":"","ocean_menu_link_color_hover":"","ocean_menu_link_color_active":"","ocean_menu_link_background":"","ocean_menu_link_hover_background":"","ocean_menu_link_active_background":"","ocean_menu_social_links_bg":"","ocean_menu_social_hover_links_bg":"","ocean_menu_social_links_color":"","ocean_menu_social_hover_links_color":"","ocean_disable_title":"default","ocean_disable_heading":"default","ocean_post_title":"","ocean_post_subheading":"","ocean_post_title_style":"","ocean_post_title_background_color":"","ocean_post_title_background":0,"ocean_post_title_bg_image_position":"","ocean_post_title_bg_image_attachment":"","ocean_post_title_bg_image_repeat":"","ocean_post_title_bg_image_size":"","ocean_post_title_height":0,"ocean_post_title_bg_overlay":0.5,"ocean_post_title_bg_overlay_color":"","ocean_disable_breadcrumbs":"default","ocean_breadcrumbs_color":"","ocean_breadcrumbs_separator_color":"","ocean_breadcrumbs_links_color":"","ocean_breadcrumbs_links_hover_color":"","ocean_display_footer_widgets":"default","ocean_display_footer_bottom":"default","ocean_custom_footer_template":"0","jetpack_post_was_ever_published":false,"jetpack_publicize_message":"","jetpack_publicize_feature_enabled":true,"jetpack_social_post_already_shared":true,"jetpack_social_options":{"image_generator_settings":{"template":"highway","default_image_id":0,"font":"","enabled":false},"version":2},"_wpas_customize_per_network":false},"product_brand":[],"product_cat":[778930241,778930192],"product_tag":[778930206],"class_list":{"0":"post-2779","1":"product","2":"type-product","3":"status-publish","4":"has-post-thumbnail","6":"product_cat-mary-may","7":"product_cat-pores-dilates-et-irregularites","8":"product_tag-creme","10":"entry","11":"has-media","13":"first","14":"instock","15":"taxable","16":"shipping-taxable","17":"purchasable","18":"product-type-simple","19":"has-product-nav","20":"col","21":"span_1_of_3","22":"owp-content-center","23":"owp-thumbs-layout-horizontal","24":"owp-btn-normal","25":"owp-tabs-layout-horizontal","26":"has-no-thumbnails"},"jetpack_publicize_connections":[],"jetpack_likes_enabled":true,"jetpack_sharing_enabled":true,"jetpack-related-posts":[{"id":2745,"url":"https:\/\/infinitekorea.fr\/en\/product\/mary-may-spicule-collagen-pdrn-cream-15-g\/","url_meta":{"origin":2779,"position":0},"title":"MARY &#038; MAY \u2013 Spicule Collagen PDRN Cream (15 g)","author":"pearlzahide","date":"February 10, 2026","format":false,"excerpt":"Cr\u00e8me r\u00e9g\u00e9n\u00e9rante aux micro-spicules, collag\u00e8ne et PDRN, con\u00e7ue pour lisser, raffermir et revitaliser la peau tout en stimulant le renouvellement cellulaire.","rel":"","context":"Similar post","block_context":{"text":"Similar post","link":""},"img":{"alt_text":"","src":"https:\/\/i0.wp.com\/infinitekorea.fr\/wp-content\/uploads\/2026\/02\/Publication-Instagram-Citation-Motivation-Minimaliste-Brun.png?fit=960%2C1200&ssl=1&resize=350%2C200","width":350,"height":200,"srcset":"https:\/\/i0.wp.com\/infinitekorea.fr\/wp-content\/uploads\/2026\/02\/Publication-Instagram-Citation-Motivation-Minimaliste-Brun.png?fit=960%2C1200&ssl=1&resize=350%2C200 1x, https:\/\/i0.wp.com\/infinitekorea.fr\/wp-content\/uploads\/2026\/02\/Publication-Instagram-Citation-Motivation-Minimaliste-Brun.png?fit=960%2C1200&ssl=1&resize=525%2C300 1.5x, https:\/\/i0.wp.com\/infinitekorea.fr\/wp-content\/uploads\/2026\/02\/Publication-Instagram-Citation-Motivation-Minimaliste-Brun.png?fit=960%2C1200&ssl=1&resize=700%2C400 2x"},"classes":[]},{"id":2782,"url":"https:\/\/infinitekorea.fr\/en\/product\/vt-cosmetics-pdrn-reedle-shot-eye-lifter-15-ml\/","url_meta":{"origin":2779,"position":1},"title":"VT COSMETICS \u2013 PDRN Reedle Shot Eye Lifter (15 ml)","author":"pearlzahide","date":"February 19, 2026","format":false,"excerpt":"Soin contour des yeux raffermissant au PDRN et micro-spicules, con\u00e7u pour lisser les ridules, revitaliser le regard et am\u00e9liorer l\u2019\u00e9lasticit\u00e9 de la peau.","rel":"","context":"Similar post","block_context":{"text":"Similar post","link":""},"img":{"alt_text":"","src":"https:\/\/i0.wp.com\/infinitekorea.fr\/wp-content\/uploads\/2026\/02\/XXL_p0219513395.webp?fit=640%2C640&ssl=1&resize=350%2C200","width":350,"height":200,"srcset":"https:\/\/i0.wp.com\/infinitekorea.fr\/wp-content\/uploads\/2026\/02\/XXL_p0219513395.webp?fit=640%2C640&ssl=1&resize=350%2C200 1x, https:\/\/i0.wp.com\/infinitekorea.fr\/wp-content\/uploads\/2026\/02\/XXL_p0219513395.webp?fit=640%2C640&ssl=1&resize=525%2C300 1.5x"},"classes":[]},{"id":2094,"url":"https:\/\/infinitekorea.fr\/en\/product\/vt-cosmetics-pdrn-capsule-cream-100-50-ml\/","url_meta":{"origin":2779,"position":2},"title":"VT COSMETICS \u2013 PDRN Capsule Cream 100 (50\u202fmL)","author":"pearlzahide","date":"October 29, 2025","format":false,"excerpt":"Cr\u00e8me r\u00e9g\u00e9n\u00e9rante et revitalisante, formul\u00e9e pour r\u00e9parer la peau, hydrater en profondeur et renforcer l\u2019\u00e9lasticit\u00e9 gr\u00e2ce au PDRN encapsul\u00e9 et aux actifs hydratants concentr\u00e9s.","rel":"","context":"Similar post","block_context":{"text":"Similar post","link":""},"img":{"alt_text":"","src":"https:\/\/i0.wp.com\/infinitekorea.fr\/wp-content\/uploads\/2025\/10\/vt-pdrn-capsule-cream-100-50ml-713.jpg?fit=600%2C600&ssl=1&resize=350%2C200","width":350,"height":200,"srcset":"https:\/\/i0.wp.com\/infinitekorea.fr\/wp-content\/uploads\/2025\/10\/vt-pdrn-capsule-cream-100-50ml-713.jpg?fit=600%2C600&ssl=1&resize=350%2C200 1x, https:\/\/i0.wp.com\/infinitekorea.fr\/wp-content\/uploads\/2025\/10\/vt-pdrn-capsule-cream-100-50ml-713.jpg?fit=600%2C600&ssl=1&resize=525%2C300 1.5x"},"classes":[]},{"id":2035,"url":"https:\/\/infinitekorea.fr\/en\/product\/celimax-retinol-shot-tightening-serum-30-ml\/","url_meta":{"origin":2779,"position":3},"title":"CELIMAX \u2013 Retinol Shot Tightening Serum (30\u202fml)","author":"pearlzahide","date":"October 29, 2025","format":false,"excerpt":"S\u00e9rum concentr\u00e9 au r\u00e9tinol, con\u00e7u pour raffermir la peau, lisser le grain et r\u00e9duire l\u2019apparence des rides.","rel":"","context":"Similar post","block_context":{"text":"Similar post","link":""},"img":{"alt_text":"","src":"https:\/\/i0.wp.com\/infinitekorea.fr\/wp-content\/uploads\/2025\/10\/9fa3dbd36cd2765fba800097adbd158b.jpg?fit=847%2C1200&ssl=1&resize=350%2C200","width":350,"height":200,"srcset":"https:\/\/i0.wp.com\/infinitekorea.fr\/wp-content\/uploads\/2025\/10\/9fa3dbd36cd2765fba800097adbd158b.jpg?fit=847%2C1200&ssl=1&resize=350%2C200 1x, https:\/\/i0.wp.com\/infinitekorea.fr\/wp-content\/uploads\/2025\/10\/9fa3dbd36cd2765fba800097adbd158b.jpg?fit=847%2C1200&ssl=1&resize=525%2C300 1.5x, https:\/\/i0.wp.com\/infinitekorea.fr\/wp-content\/uploads\/2025\/10\/9fa3dbd36cd2765fba800097adbd158b.jpg?fit=847%2C1200&ssl=1&resize=700%2C400 2x"},"classes":[]},{"id":2089,"url":"https:\/\/infinitekorea.fr\/en\/product\/vt-cosmetics-pdrn-cica-exosome-30-ml\/","url_meta":{"origin":2779,"position":4},"title":"VT COSMETICS \u2013 PDRN Cica Exosome (30\u202fmL)","author":"pearlzahide","date":"October 29, 2025","format":false,"excerpt":"S\u00e9rum r\u00e9g\u00e9n\u00e9rant et apaisant, formul\u00e9 pour r\u00e9parer la peau, stimuler le renouvellement cellulaire et renforcer la barri\u00e8re cutan\u00e9e gr\u00e2ce au PDRN et aux exosomes Cica.","rel":"","context":"Similar post","block_context":{"text":"Similar post","link":""},"img":{"alt_text":"","src":"https:\/\/i0.wp.com\/infinitekorea.fr\/wp-content\/uploads\/2025\/10\/VTCosmeticsR5FirmingAmpoule30ml_PDRN_-1.webp?fit=1200%2C1200&ssl=1&resize=350%2C200","width":350,"height":200,"srcset":"https:\/\/i0.wp.com\/infinitekorea.fr\/wp-content\/uploads\/2025\/10\/VTCosmeticsR5FirmingAmpoule30ml_PDRN_-1.webp?fit=1200%2C1200&ssl=1&resize=350%2C200 1x, https:\/\/i0.wp.com\/infinitekorea.fr\/wp-content\/uploads\/2025\/10\/VTCosmeticsR5FirmingAmpoule30ml_PDRN_-1.webp?fit=1200%2C1200&ssl=1&resize=525%2C300 1.5x, https:\/\/i0.wp.com\/infinitekorea.fr\/wp-content\/uploads\/2025\/10\/VTCosmeticsR5FirmingAmpoule30ml_PDRN_-1.webp?fit=1200%2C1200&ssl=1&resize=700%2C400 2x, https:\/\/i0.wp.com\/infinitekorea.fr\/wp-content\/uploads\/2025\/10\/VTCosmeticsR5FirmingAmpoule30ml_PDRN_-1.webp?fit=1200%2C1200&ssl=1&resize=1050%2C600 3x"},"classes":[]},{"id":2124,"url":"https:\/\/infinitekorea.fr\/en\/product\/vt-cosmetics-pdrn-reedle-shot-100-50-ml\/","url_meta":{"origin":2779,"position":5},"title":"VT COSMETICS \u2013 PDRN Reedle Shot 100 (50\u202fmL)","author":"pearlzahide","date":"October 29, 2025","format":false,"excerpt":"S\u00e9rum booster r\u00e9g\u00e9n\u00e9rant, formul\u00e9 pour nourrir, r\u00e9parer et revitaliser la peau gr\u00e2ce au PDRN et \u00e0 la technologie Reedle\u2122, avec une action cibl\u00e9e pour am\u00e9liorer l\u2019\u00e9lasticit\u00e9 et l\u2019hydratation.","rel":"","context":"Similar post","block_context":{"text":"Similar post","link":""},"img":{"alt_text":"","src":"https:\/\/i0.wp.com\/infinitekorea.fr\/wp-content\/uploads\/2025\/10\/f9c0b31fa1aea89847e2929b01eb5cf4_0af522d0-4e7d-4814-b7e9-c596853bba68.webp?fit=794%2C794&ssl=1&resize=350%2C200","width":350,"height":200,"srcset":"https:\/\/i0.wp.com\/infinitekorea.fr\/wp-content\/uploads\/2025\/10\/f9c0b31fa1aea89847e2929b01eb5cf4_0af522d0-4e7d-4814-b7e9-c596853bba68.webp?fit=794%2C794&ssl=1&resize=350%2C200 1x, https:\/\/i0.wp.com\/infinitekorea.fr\/wp-content\/uploads\/2025\/10\/f9c0b31fa1aea89847e2929b01eb5cf4_0af522d0-4e7d-4814-b7e9-c596853bba68.webp?fit=794%2C794&ssl=1&resize=525%2C300 1.5x, https:\/\/i0.wp.com\/infinitekorea.fr\/wp-content\/uploads\/2025\/10\/f9c0b31fa1aea89847e2929b01eb5cf4_0af522d0-4e7d-4814-b7e9-c596853bba68.webp?fit=794%2C794&ssl=1&resize=700%2C400 2x"},"classes":[]}],"_links":{"self":[{"href":"https:\/\/infinitekorea.fr\/en\/wp-json\/wp\/v2\/product\/2779","targetHints":{"allow":["GET"]}}],"collection":[{"href":"https:\/\/infinitekorea.fr\/en\/wp-json\/wp\/v2\/product"}],"about":[{"href":"https:\/\/infinitekorea.fr\/en\/wp-json\/wp\/v2\/types\/product"}],"wp:featuredmedia":[{"embeddable":true,"href":"https:\/\/infinitekorea.fr\/en\/wp-json\/wp\/v2\/media\/2781"}],"wp:attachment":[{"href":"https:\/\/infinitekorea.fr\/en\/wp-json\/wp\/v2\/media?parent=2779"}],"wp:term":[{"taxonomy":"product_brand","embeddable":true,"href":"https:\/\/infinitekorea.fr\/en\/wp-json\/wp\/v2\/product_brand?post=2779"},{"taxonomy":"product_cat","embeddable":true,"href":"https:\/\/infinitekorea.fr\/en\/wp-json\/wp\/v2\/product_cat?post=2779"},{"taxonomy":"product_tag","embeddable":true,"href":"https:\/\/infinitekorea.fr\/en\/wp-json\/wp\/v2\/product_tag?post=2779"}],"curies":[{"name":"wp","href":"https:\/\/api.w.org\/{rel}","templated":true}]}}