{"id":3126,"date":"2026-04-08T14:35:17","date_gmt":"2026-04-08T12:35:17","guid":{"rendered":"https:\/\/infinitekorea.fr\/?post_type=product&#038;p=3126"},"modified":"2026-04-08T14:35:17","modified_gmt":"2026-04-08T12:35:17","slug":"dr-melaxin-facephalt-tightening-cream-50-g","status":"publish","type":"product","link":"https:\/\/infinitekorea.fr\/en\/product\/dr-melaxin-facephalt-tightening-cream-50-g\/","title":{"rendered":"DR. MELAXIN \u2013 Facephalt Tightening Cream (50 g)"},"content":{"rendered":"<p data-start=\"190\" data-end=\"491\">La Dr. Melaxin \u2013 Facephalt Tightening Cream est une cr\u00e8me visage innovante con\u00e7ue pour am\u00e9liorer visiblement la fermet\u00e9 de la peau et offrir un effet tenseur imm\u00e9diat. Sa formule cibl\u00e9e aide \u00e0 lisser les traits, resserrer l\u2019apparence des pores et redonner \u00e0 la peau un aspect plus tonique et uniforme.<\/p>\n<p data-start=\"493\" data-end=\"812\">Gr\u00e2ce \u00e0 une combinaison d\u2019actifs performants, cette cr\u00e8me agit en profondeur pour soutenir l\u2019\u00e9lasticit\u00e9 cutan\u00e9e et am\u00e9liorer la texture de la peau au fil des utilisations. Elle apporte \u00e9galement une hydratation \u00e9quilibr\u00e9e, essentielle pour maintenir une peau confortable, souple et \u00e9clatante tout au long de la journ\u00e9e.<\/p>\n<p data-start=\"814\" data-end=\"1072\">Sa texture agr\u00e9able p\u00e9n\u00e8tre rapidement sans effet collant, ce qui en fait un soin id\u00e9al \u00e0 int\u00e9grer dans une routine quotidienne. Elle convient particuli\u00e8rement aux peaux en manque de fermet\u00e9, pr\u00e9sentant des pores visibles ou des signes de rel\u00e2chement cutan\u00e9.<\/p>\n<p data-start=\"1074\" data-end=\"1210\">Utilis\u00e9e r\u00e9guli\u00e8rement, elle contribue \u00e0 une peau plus lisse, plus ferme et visiblement revitalis\u00e9e, avec un effet \u201clifting\u201d progressif.<\/p>\n<h3 data-section-id=\"4qw75d\" data-start=\"1212\" data-end=\"1247\">Ingr\u00e9dients cl\u00e9s et bienfaits<\/h3>\n<ul data-start=\"1248\" data-end=\"1619\">\n<li data-section-id=\"15c9l85\" data-start=\"1248\" data-end=\"1338\"><strong data-start=\"1250\" data-end=\"1275\">Actifs raffermissants<\/strong> : aident \u00e0 am\u00e9liorer l\u2019\u00e9lasticit\u00e9 et la tonicit\u00e9 de la peau.<\/li>\n<li data-section-id=\"shvvj5\" data-start=\"1339\" data-end=\"1427\"><strong data-start=\"1341\" data-end=\"1361\">Complexe tenseur<\/strong> : procure un effet lissant imm\u00e9diat sur l\u2019apparence de la peau.<\/li>\n<li data-section-id=\"jadaj5\" data-start=\"1428\" data-end=\"1518\"><strong data-start=\"1430\" data-end=\"1451\">Agents hydratants<\/strong> : maintiennent une hydratation optimale pour un confort durable.<\/li>\n<li data-section-id=\"o0forc\" data-start=\"1519\" data-end=\"1619\"><strong data-start=\"1521\" data-end=\"1549\">Technologie cibl\u00e9e pores<\/strong> : aide \u00e0 affiner le grain de peau et \u00e0 r\u00e9duire l\u2019apparence des pores.<\/li>\n<\/ul>\n<h3 data-section-id=\"1u23k9n\" data-start=\"1621\" data-end=\"1645\">Mode d\u2019utilisation<\/h3>\n<p data-start=\"1646\" data-end=\"1841\">Appliquez une quantit\u00e9 appropri\u00e9e sur peau propre, apr\u00e8s vos s\u00e9rums.<br data-start=\"1714\" data-end=\"1717\" \/>Massez d\u00e9licatement sur l\u2019ensemble du visage jusqu\u2019\u00e0 absorption compl\u00e8te.<br data-start=\"1790\" data-end=\"1793\" \/>\u00c0 utiliser matin et\/ou soir selon votre routine.<\/p>\n<h3 data-section-id=\"tpxkj4\" data-start=\"1843\" data-end=\"1867\">Pourquoi l\u2019adopter<\/h3>\n<ul data-start=\"1868\" data-end=\"2108\">\n<li data-section-id=\"1874lnc\" data-start=\"1868\" data-end=\"1918\">Effet tenseur visible pour une peau plus ferme<\/li>\n<li data-section-id=\"zbeswj\" data-start=\"1919\" data-end=\"1973\">Aide \u00e0 lisser les traits et am\u00e9liorer l\u2019\u00e9lasticit\u00e9<\/li>\n<li data-section-id=\"1fqw5c\" data-start=\"1974\" data-end=\"2019\">Contribue \u00e0 r\u00e9duire l\u2019apparence des pores<\/li>\n<li data-section-id=\"630rll\" data-start=\"2020\" data-end=\"2061\">Hydrate tout en raffermissant la peau<\/li>\n<li data-section-id=\"1pune7c\" data-start=\"2062\" data-end=\"2108\">Id\u00e9ale pour les peaux en perte de tonicit\u00e9<\/li>\n<\/ul>","protected":false},"excerpt":{"rendered":"<p>Cr\u00e8me raffermissante \u00e0 effet tenseur qui aide \u00e0 am\u00e9liorer l\u2019\u00e9lasticit\u00e9, lisser la peau et r\u00e9duire l\u2019apparence des pores pour un teint plus ferme et uniforme.<\/p>","protected":false},"featured_media":3128,"template":"","meta":{"_crdt_document":"","advanced_seo_description":"","jetpack_seo_html_title":"","jetpack_seo_noindex":false,"ocean_post_layout":"","ocean_both_sidebars_style":"","ocean_both_sidebars_content_width":0,"ocean_both_sidebars_sidebars_width":0,"ocean_sidebar":"0","ocean_second_sidebar":"0","ocean_disable_margins":"enable","ocean_add_body_class":"","ocean_shortcode_before_top_bar":"","ocean_shortcode_after_top_bar":"","ocean_shortcode_before_header":"","ocean_shortcode_after_header":"","ocean_has_shortcode":"","ocean_shortcode_after_title":"","ocean_shortcode_before_footer_widgets":"","ocean_shortcode_after_footer_widgets":"","ocean_shortcode_before_footer_bottom":"","ocean_shortcode_after_footer_bottom":"","ocean_display_top_bar":"default","ocean_display_header":"default","ocean_header_style":"","ocean_center_header_left_menu":"0","ocean_custom_header_template":"0","ocean_custom_logo":0,"ocean_custom_retina_logo":0,"ocean_custom_logo_max_width":0,"ocean_custom_logo_tablet_max_width":0,"ocean_custom_logo_mobile_max_width":0,"ocean_custom_logo_max_height":0,"ocean_custom_logo_tablet_max_height":0,"ocean_custom_logo_mobile_max_height":0,"ocean_header_custom_menu":"0","ocean_menu_typo_font_family":"0","ocean_menu_typo_font_subset":"","ocean_menu_typo_font_size":0,"ocean_menu_typo_font_size_tablet":0,"ocean_menu_typo_font_size_mobile":0,"ocean_menu_typo_font_size_unit":"px","ocean_menu_typo_font_weight":"","ocean_menu_typo_font_weight_tablet":"","ocean_menu_typo_font_weight_mobile":"","ocean_menu_typo_transform":"","ocean_menu_typo_transform_tablet":"","ocean_menu_typo_transform_mobile":"","ocean_menu_typo_line_height":0,"ocean_menu_typo_line_height_tablet":0,"ocean_menu_typo_line_height_mobile":0,"ocean_menu_typo_line_height_unit":"","ocean_menu_typo_spacing":0,"ocean_menu_typo_spacing_tablet":0,"ocean_menu_typo_spacing_mobile":0,"ocean_menu_typo_spacing_unit":"","ocean_menu_link_color":"","ocean_menu_link_color_hover":"","ocean_menu_link_color_active":"","ocean_menu_link_background":"","ocean_menu_link_hover_background":"","ocean_menu_link_active_background":"","ocean_menu_social_links_bg":"","ocean_menu_social_hover_links_bg":"","ocean_menu_social_links_color":"","ocean_menu_social_hover_links_color":"","ocean_disable_title":"default","ocean_disable_heading":"default","ocean_post_title":"","ocean_post_subheading":"","ocean_post_title_style":"","ocean_post_title_background_color":"","ocean_post_title_background":0,"ocean_post_title_bg_image_position":"","ocean_post_title_bg_image_attachment":"","ocean_post_title_bg_image_repeat":"","ocean_post_title_bg_image_size":"","ocean_post_title_height":0,"ocean_post_title_bg_overlay":0.5,"ocean_post_title_bg_overlay_color":"","ocean_disable_breadcrumbs":"default","ocean_breadcrumbs_color":"","ocean_breadcrumbs_separator_color":"","ocean_breadcrumbs_links_color":"","ocean_breadcrumbs_links_hover_color":"","ocean_display_footer_widgets":"default","ocean_display_footer_bottom":"default","ocean_custom_footer_template":"0","jetpack_publicize_message":"","jetpack_publicize_feature_enabled":true,"jetpack_social_post_already_shared":true,"jetpack_social_options":{"image_generator_settings":{"template":"highway","default_image_id":0,"font":"","enabled":false},"version":2},"_wpas_customize_per_network":false},"product_brand":[],"product_cat":[778930244,778930192,778930185],"product_tag":[778930206],"class_list":{"0":"post-3126","1":"product","2":"type-product","3":"status-publish","4":"has-post-thumbnail","6":"product_cat-dr-melaxin","7":"product_cat-pores-dilates-et-irregularites","8":"product_cat-rides-et-ridules","9":"product_tag-creme","11":"entry","12":"has-media","14":"first","15":"instock","16":"taxable","17":"shipping-taxable","18":"purchasable","19":"product-type-simple","20":"has-product-nav","21":"col","22":"span_1_of_3","23":"owp-content-center","24":"owp-thumbs-layout-horizontal","25":"owp-btn-normal","26":"owp-tabs-layout-horizontal","27":"has-no-thumbnails"},"jetpack_publicize_connections":[],"jetpack_likes_enabled":true,"jetpack_sharing_enabled":true,"jetpack-related-posts":[{"id":2987,"url":"https:\/\/infinitekorea.fr\/en\/product\/sungboon-editor-deep-collagen-power-boosting-cream-in-serum-30-ml\/","url_meta":{"origin":3126,"position":0},"title":"SUNGBOON EDITOR \u2013 Deep Collagen Power Boosting Cream In Serum (30 ml)","author":"pearlzahide","date":"March 18, 2026","format":false,"excerpt":"Soin hybride entre cr\u00e8me et s\u00e9rum, enrichi en collag\u00e8ne, formul\u00e9 pour hydrater, repulper et am\u00e9liorer la fermet\u00e9 de la peau.","rel":"","context":"Similar post","block_context":{"text":"Similar post","link":""},"img":{"alt_text":"","src":"https:\/\/i0.wp.com\/infinitekorea.fr\/wp-content\/uploads\/2026\/03\/b8f6516e87eced5f0cca32482a178f15.jpg?fit=1200%2C1200&ssl=1&resize=350%2C200","width":350,"height":200,"srcset":"https:\/\/i0.wp.com\/infinitekorea.fr\/wp-content\/uploads\/2026\/03\/b8f6516e87eced5f0cca32482a178f15.jpg?fit=1200%2C1200&ssl=1&resize=350%2C200 1x, https:\/\/i0.wp.com\/infinitekorea.fr\/wp-content\/uploads\/2026\/03\/b8f6516e87eced5f0cca32482a178f15.jpg?fit=1200%2C1200&ssl=1&resize=525%2C300 1.5x, https:\/\/i0.wp.com\/infinitekorea.fr\/wp-content\/uploads\/2026\/03\/b8f6516e87eced5f0cca32482a178f15.jpg?fit=1200%2C1200&ssl=1&resize=700%2C400 2x, https:\/\/i0.wp.com\/infinitekorea.fr\/wp-content\/uploads\/2026\/03\/b8f6516e87eced5f0cca32482a178f15.jpg?fit=1200%2C1200&ssl=1&resize=1050%2C600 3x"},"classes":[]},{"id":2035,"url":"https:\/\/infinitekorea.fr\/en\/product\/celimax-retinol-shot-tightening-serum-30-ml\/","url_meta":{"origin":3126,"position":1},"title":"CELIMAX \u2013 Retinol Shot Tightening Serum (30\u202fml)","author":"pearlzahide","date":"October 29, 2025","format":false,"excerpt":"S\u00e9rum concentr\u00e9 au r\u00e9tinol, con\u00e7u pour raffermir la peau, lisser le grain et r\u00e9duire l\u2019apparence des rides.","rel":"","context":"Similar post","block_context":{"text":"Similar post","link":""},"img":{"alt_text":"","src":"https:\/\/i0.wp.com\/infinitekorea.fr\/wp-content\/uploads\/2025\/10\/9fa3dbd36cd2765fba800097adbd158b.jpg?fit=847%2C1200&ssl=1&resize=350%2C200","width":350,"height":200,"srcset":"https:\/\/i0.wp.com\/infinitekorea.fr\/wp-content\/uploads\/2025\/10\/9fa3dbd36cd2765fba800097adbd158b.jpg?fit=847%2C1200&ssl=1&resize=350%2C200 1x, https:\/\/i0.wp.com\/infinitekorea.fr\/wp-content\/uploads\/2025\/10\/9fa3dbd36cd2765fba800097adbd158b.jpg?fit=847%2C1200&ssl=1&resize=525%2C300 1.5x, https:\/\/i0.wp.com\/infinitekorea.fr\/wp-content\/uploads\/2025\/10\/9fa3dbd36cd2765fba800097adbd158b.jpg?fit=847%2C1200&ssl=1&resize=700%2C400 2x"},"classes":[]},{"id":2779,"url":"https:\/\/infinitekorea.fr\/en\/product\/mary-may-spicule-retinol-pdrn-cream-15-g\/","url_meta":{"origin":3126,"position":2},"title":"MARY &#038; MAY \u2013 Spicule Retinol PDRN Cream (15 g)","author":"pearlzahide","date":"February 17, 2026","format":false,"excerpt":"Cr\u00e8me r\u00e9g\u00e9n\u00e9rante aux micro-spicules, r\u00e9tinol et PDRN, con\u00e7ue pour lisser les ridules, raffermir et revitaliser la peau en profondeur.","rel":"","context":"Similar post","block_context":{"text":"Similar post","link":""},"img":{"alt_text":"","src":"https:\/\/i0.wp.com\/infinitekorea.fr\/wp-content\/uploads\/2026\/02\/marymay-spicule-retinol-pdrn-cream-15g-marymay-4.webp?fit=1000%2C1000&ssl=1&resize=350%2C200","width":350,"height":200,"srcset":"https:\/\/i0.wp.com\/infinitekorea.fr\/wp-content\/uploads\/2026\/02\/marymay-spicule-retinol-pdrn-cream-15g-marymay-4.webp?fit=1000%2C1000&ssl=1&resize=350%2C200 1x, https:\/\/i0.wp.com\/infinitekorea.fr\/wp-content\/uploads\/2026\/02\/marymay-spicule-retinol-pdrn-cream-15g-marymay-4.webp?fit=1000%2C1000&ssl=1&resize=525%2C300 1.5x, https:\/\/i0.wp.com\/infinitekorea.fr\/wp-content\/uploads\/2026\/02\/marymay-spicule-retinol-pdrn-cream-15g-marymay-4.webp?fit=1000%2C1000&ssl=1&resize=700%2C400 2x"},"classes":[]},{"id":1151,"url":"https:\/\/infinitekorea.fr\/en\/product\/dermarssance-collagen-ultra-lifting-cream-ex-50-g\/","url_meta":{"origin":3126,"position":3},"title":"DERMARSSANCE \u2013 Collagen Ultra Lifting Cream EX (50\u202fg)","author":"pearlzahide","date":"July 10, 2025","format":false,"excerpt":"Cr\u00e8me raffermissante au collag\u00e8ne qui lisse, hydrate et redonne \u00e9lasticit\u00e9 \u00e0 la peau.","rel":"","context":"Similar post","block_context":{"text":"Similar post","link":""},"img":{"alt_text":"","src":"https:\/\/i0.wp.com\/infinitekorea.fr\/wp-content\/uploads\/2025\/07\/9c5e137b13b584d83f842e192fff33cc_1740175d-a933-4413-8ed2-97ce71e6db43.webp?fit=500%2C500&ssl=1&resize=350%2C200","width":350,"height":200},"classes":[]},{"id":2843,"url":"https:\/\/infinitekorea.fr\/en\/product\/medi-peel-red-lacto-collagen-wrapping-mask-70-ml\/","url_meta":{"origin":3126,"position":4},"title":"MEDI-PEEL \u2013 Red Lacto Collagen Wrapping Mask (70 ml)","author":"pearlzahide","date":"March 5, 2026","format":false,"excerpt":"Masque \u201cwrapping\u201d au collag\u00e8ne et complexe lacto, qui raffermit, lisse et aide \u00e0 resserrer l\u2019apparence des pores pour une peau plus rebondie et tonique.","rel":"","context":"Similar post","block_context":{"text":"Similar post","link":""},"img":{"alt_text":"","src":"https:\/\/i0.wp.com\/infinitekorea.fr\/wp-content\/uploads\/2026\/03\/f1026143549262cdeb932478d22fb603.jpg?fit=1000%2C1000&ssl=1&resize=350%2C200","width":350,"height":200,"srcset":"https:\/\/i0.wp.com\/infinitekorea.fr\/wp-content\/uploads\/2026\/03\/f1026143549262cdeb932478d22fb603.jpg?fit=1000%2C1000&ssl=1&resize=350%2C200 1x, https:\/\/i0.wp.com\/infinitekorea.fr\/wp-content\/uploads\/2026\/03\/f1026143549262cdeb932478d22fb603.jpg?fit=1000%2C1000&ssl=1&resize=525%2C300 1.5x, https:\/\/i0.wp.com\/infinitekorea.fr\/wp-content\/uploads\/2026\/03\/f1026143549262cdeb932478d22fb603.jpg?fit=1000%2C1000&ssl=1&resize=700%2C400 2x"},"classes":[]},{"id":1231,"url":"https:\/\/infinitekorea.fr\/en\/product\/axis%e2%80%91y-lha-peel-fill-pore-balancing-cream-50-ml\/","url_meta":{"origin":3126,"position":5},"title":"AXIS\u2011Y &#8211; LHA Peel &#038; Fill Pore Balancing Cream (50\u202fml)","author":"pearlzahide","date":"July 18, 2025","format":false,"excerpt":"Cr\u00e8me \u00e9quilibrante pour les pores, enrichie en LHA exfoliant doux, formul\u00e9e pour affiner les pores et lisser la texture de la peau.","rel":"","context":"Similar post","block_context":{"text":"Similar post","link":""},"img":{"alt_text":"","src":"https:\/\/i0.wp.com\/infinitekorea.fr\/wp-content\/uploads\/2025\/07\/ac34bc4b75000c224551f5beec9988ad.jpg?fit=800%2C800&ssl=1&resize=350%2C200","width":350,"height":200,"srcset":"https:\/\/i0.wp.com\/infinitekorea.fr\/wp-content\/uploads\/2025\/07\/ac34bc4b75000c224551f5beec9988ad.jpg?fit=800%2C800&ssl=1&resize=350%2C200 1x, https:\/\/i0.wp.com\/infinitekorea.fr\/wp-content\/uploads\/2025\/07\/ac34bc4b75000c224551f5beec9988ad.jpg?fit=800%2C800&ssl=1&resize=525%2C300 1.5x, https:\/\/i0.wp.com\/infinitekorea.fr\/wp-content\/uploads\/2025\/07\/ac34bc4b75000c224551f5beec9988ad.jpg?fit=800%2C800&ssl=1&resize=700%2C400 2x"},"classes":[]}],"_links":{"self":[{"href":"https:\/\/infinitekorea.fr\/en\/wp-json\/wp\/v2\/product\/3126","targetHints":{"allow":["GET"]}}],"collection":[{"href":"https:\/\/infinitekorea.fr\/en\/wp-json\/wp\/v2\/product"}],"about":[{"href":"https:\/\/infinitekorea.fr\/en\/wp-json\/wp\/v2\/types\/product"}],"wp:featuredmedia":[{"embeddable":true,"href":"https:\/\/infinitekorea.fr\/en\/wp-json\/wp\/v2\/media\/3128"}],"wp:attachment":[{"href":"https:\/\/infinitekorea.fr\/en\/wp-json\/wp\/v2\/media?parent=3126"}],"wp:term":[{"taxonomy":"product_brand","embeddable":true,"href":"https:\/\/infinitekorea.fr\/en\/wp-json\/wp\/v2\/product_brand?post=3126"},{"taxonomy":"product_cat","embeddable":true,"href":"https:\/\/infinitekorea.fr\/en\/wp-json\/wp\/v2\/product_cat?post=3126"},{"taxonomy":"product_tag","embeddable":true,"href":"https:\/\/infinitekorea.fr\/en\/wp-json\/wp\/v2\/product_tag?post=3126"}],"curies":[{"name":"wp","href":"https:\/\/api.w.org\/{rel}","templated":true}]}}