{"id":3132,"date":"2026-04-08T18:29:54","date_gmt":"2026-04-08T16:29:54","guid":{"rendered":"https:\/\/infinitekorea.fr\/?post_type=product&#038;p=3132"},"modified":"2026-04-08T18:29:54","modified_gmt":"2026-04-08T16:29:54","slug":"dr-althea-aqua-marine-watery-cream-50-ml","status":"publish","type":"product","link":"https:\/\/infinitekorea.fr\/en\/product\/dr-althea-aqua-marine-watery-cream-50-ml\/","title":{"rendered":"DR. ALTHEA \u2013 Aqua Marine Watery Cream (50 ml)"},"content":{"rendered":"<p data-start=\"187\" data-end=\"505\">La Dr. Althea \u2013 Aqua Marine Watery Cream est une cr\u00e8me hydratante formul\u00e9e pour apporter une hydratation profonde tout en offrant une sensation de fra\u00eecheur imm\u00e9diate. Gr\u00e2ce \u00e0 sa texture l\u00e9g\u00e8re \u00e0 base d\u2019eau, elle p\u00e9n\u00e8tre rapidement dans la peau sans laisser de film gras, ce qui la rend id\u00e9ale pour un usage quotidien.<\/p>\n<p data-start=\"507\" data-end=\"799\">Enrichie en ingr\u00e9dients marins et en actifs hydratants, cette cr\u00e8me aide \u00e0 maintenir un niveau d\u2019hydratation optimal tout en apaisant la peau et en renfor\u00e7ant sa barri\u00e8re naturelle. Elle contribue \u00e0 rendre la peau plus souple, plus douce et visiblement plus lumineuse au fil des utilisations.<\/p>\n<p data-start=\"801\" data-end=\"1045\">Sa formule convient particuli\u00e8rement aux peaux en manque d\u2019hydratation ou sujettes aux sensations de tiraillement. Elle apporte un confort durable tout en am\u00e9liorant l\u2019apparence g\u00e9n\u00e9rale de la peau, pour un teint plus frais, repos\u00e9 et \u00e9clatant.<\/p>\n<h3 data-section-id=\"4qw75d\" data-start=\"1047\" data-end=\"1082\">Ingr\u00e9dients cl\u00e9s et bienfaits<\/h3>\n<ul data-start=\"1083\" data-end=\"1419\">\n<li data-section-id=\"ww8rx6\" data-start=\"1083\" data-end=\"1170\"><strong data-start=\"1085\" data-end=\"1113\">Complexe hydratant marin<\/strong> : aide \u00e0 hydrater intens\u00e9ment et \u00e0 revitaliser la peau<\/li>\n<li data-section-id=\"4uwvgw\" data-start=\"1171\" data-end=\"1261\"><strong data-start=\"1173\" data-end=\"1193\">Actifs apaisants<\/strong> : calment les irritations et r\u00e9duisent les sensations d\u2019inconfort<\/li>\n<li data-section-id=\"25o3tz\" data-start=\"1262\" data-end=\"1349\"><strong data-start=\"1264\" data-end=\"1285\">Agents humectants<\/strong> : maintiennent l\u2019hydratation et pr\u00e9viennent la d\u00e9shydratation<\/li>\n<li data-section-id=\"1i05mg7\" data-start=\"1350\" data-end=\"1419\"><strong data-start=\"1352\" data-end=\"1370\">Texture watery<\/strong> : absorption rapide sans effet collant ni gras<\/li>\n<\/ul>\n<h3 data-section-id=\"1u23k9n\" data-start=\"1421\" data-end=\"1445\">Mode d\u2019utilisation<\/h3>\n<p data-start=\"1446\" data-end=\"1620\">Appliquez une quantit\u00e9 adapt\u00e9e sur peau propre, apr\u00e8s vos s\u00e9rums.<br data-start=\"1511\" data-end=\"1514\" \/>Massez d\u00e9licatement jusqu\u2019\u00e0 absorption compl\u00e8te.<br data-start=\"1562\" data-end=\"1565\" \/>\u00c0 utiliser matin et soir pour une hydratation optimale.<\/p>\n<h3 data-section-id=\"tpxkj4\" data-start=\"1622\" data-end=\"1646\">Pourquoi l\u2019adopter<\/h3>\n<ul data-start=\"1647\" data-end=\"1880\">\n<li data-section-id=\"1mpy63a\" data-start=\"1647\" data-end=\"1692\">Hydrate intens\u00e9ment sans alourdir la peau<\/li>\n<li data-section-id=\"1ck69e8\" data-start=\"1693\" data-end=\"1742\">Texture l\u00e9g\u00e8re id\u00e9ale pour un usage quotidien<\/li>\n<li data-section-id=\"9xfiqh\" data-start=\"1743\" data-end=\"1783\">Aide \u00e0 apaiser et rafra\u00eechir la peau<\/li>\n<li data-section-id=\"ufgjaa\" data-start=\"1784\" data-end=\"1832\">Convient parfaitement aux peaux d\u00e9shydrat\u00e9es<\/li>\n<li data-section-id=\"1pgkkvr\" data-start=\"1833\" data-end=\"1880\">Laisse la peau douce, souple et confortable<\/li>\n<\/ul>","protected":false},"excerpt":{"rendered":"<p>Cr\u00e8me hydratante l\u00e9g\u00e8re \u00e0 base d\u2019eau qui hydrate intens\u00e9ment, apaise la peau et laisse un fini frais, sans effet gras.<\/p>","protected":false},"featured_media":3134,"template":"","meta":{"_crdt_document":"","advanced_seo_description":"","jetpack_seo_html_title":"","jetpack_seo_noindex":false,"ocean_post_layout":"","ocean_both_sidebars_style":"","ocean_both_sidebars_content_width":0,"ocean_both_sidebars_sidebars_width":0,"ocean_sidebar":"0","ocean_second_sidebar":"0","ocean_disable_margins":"enable","ocean_add_body_class":"","ocean_shortcode_before_top_bar":"","ocean_shortcode_after_top_bar":"","ocean_shortcode_before_header":"","ocean_shortcode_after_header":"","ocean_has_shortcode":"","ocean_shortcode_after_title":"","ocean_shortcode_before_footer_widgets":"","ocean_shortcode_after_footer_widgets":"","ocean_shortcode_before_footer_bottom":"","ocean_shortcode_after_footer_bottom":"","ocean_display_top_bar":"default","ocean_display_header":"default","ocean_header_style":"","ocean_center_header_left_menu":"0","ocean_custom_header_template":"0","ocean_custom_logo":0,"ocean_custom_retina_logo":0,"ocean_custom_logo_max_width":0,"ocean_custom_logo_tablet_max_width":0,"ocean_custom_logo_mobile_max_width":0,"ocean_custom_logo_max_height":0,"ocean_custom_logo_tablet_max_height":0,"ocean_custom_logo_mobile_max_height":0,"ocean_header_custom_menu":"0","ocean_menu_typo_font_family":"0","ocean_menu_typo_font_subset":"","ocean_menu_typo_font_size":0,"ocean_menu_typo_font_size_tablet":0,"ocean_menu_typo_font_size_mobile":0,"ocean_menu_typo_font_size_unit":"px","ocean_menu_typo_font_weight":"","ocean_menu_typo_font_weight_tablet":"","ocean_menu_typo_font_weight_mobile":"","ocean_menu_typo_transform":"","ocean_menu_typo_transform_tablet":"","ocean_menu_typo_transform_mobile":"","ocean_menu_typo_line_height":0,"ocean_menu_typo_line_height_tablet":0,"ocean_menu_typo_line_height_mobile":0,"ocean_menu_typo_line_height_unit":"","ocean_menu_typo_spacing":0,"ocean_menu_typo_spacing_tablet":0,"ocean_menu_typo_spacing_mobile":0,"ocean_menu_typo_spacing_unit":"","ocean_menu_link_color":"","ocean_menu_link_color_hover":"","ocean_menu_link_color_active":"","ocean_menu_link_background":"","ocean_menu_link_hover_background":"","ocean_menu_link_active_background":"","ocean_menu_social_links_bg":"","ocean_menu_social_hover_links_bg":"","ocean_menu_social_links_color":"","ocean_menu_social_hover_links_color":"","ocean_disable_title":"default","ocean_disable_heading":"default","ocean_post_title":"","ocean_post_subheading":"","ocean_post_title_style":"","ocean_post_title_background_color":"","ocean_post_title_background":0,"ocean_post_title_bg_image_position":"","ocean_post_title_bg_image_attachment":"","ocean_post_title_bg_image_repeat":"","ocean_post_title_bg_image_size":"","ocean_post_title_height":0,"ocean_post_title_bg_overlay":0.5,"ocean_post_title_bg_overlay_color":"","ocean_disable_breadcrumbs":"default","ocean_breadcrumbs_color":"","ocean_breadcrumbs_separator_color":"","ocean_breadcrumbs_links_color":"","ocean_breadcrumbs_links_hover_color":"","ocean_display_footer_widgets":"default","ocean_display_footer_bottom":"default","ocean_custom_footer_template":"0","jetpack_publicize_message":"","jetpack_publicize_feature_enabled":true,"jetpack_social_post_already_shared":true,"jetpack_social_options":{"image_generator_settings":{"template":"highway","default_image_id":0,"font":"","enabled":false},"version":2},"_wpas_customize_per_network":false},"product_brand":[],"product_cat":[778930162,778930183,778930193],"product_tag":[778930206],"class_list":{"0":"post-3132","1":"product","2":"type-product","3":"status-publish","4":"has-post-thumbnail","6":"product_cat-dr-althea","7":"product_cat-peau-seche-et-deshydratee","8":"product_cat-peau-sensible-ou-irritee","9":"product_tag-creme","11":"entry","12":"has-media","14":"first","15":"instock","16":"taxable","17":"shipping-taxable","18":"purchasable","19":"product-type-simple","20":"has-product-nav","21":"col","22":"span_1_of_3","23":"owp-content-center","24":"owp-thumbs-layout-horizontal","25":"owp-btn-normal","26":"owp-tabs-layout-horizontal","27":"has-no-thumbnails"},"jetpack_publicize_connections":[],"jetpack_likes_enabled":true,"jetpack_sharing_enabled":true,"jetpack-related-posts":[{"id":1077,"url":"https:\/\/infinitekorea.fr\/en\/product\/dr-althea-147-barrier-cream-50ml\/","url_meta":{"origin":3132,"position":0},"title":"DR. ALTHEA &#8211; 147 Barrier Cream (50ml)","author":"pearlzahide","date":"July 8, 2025","format":false,"excerpt":"Cr\u00e8me protectrice qui hydrate, apaise et aide \u00e0 renforcer la barri\u00e8re cutan\u00e9e.","rel":"","context":"Similar post","block_context":{"text":"Similar post","link":""},"img":{"alt_text":"","src":"https:\/\/i0.wp.com\/infinitekorea.fr\/wp-content\/uploads\/2025\/07\/2b82a31e67a9c3ebfcbb8e5c5d841585-1.jpg?fit=768%2C768&ssl=1&resize=350%2C200","width":350,"height":200,"srcset":"https:\/\/i0.wp.com\/infinitekorea.fr\/wp-content\/uploads\/2025\/07\/2b82a31e67a9c3ebfcbb8e5c5d841585-1.jpg?fit=768%2C768&ssl=1&resize=350%2C200 1x, https:\/\/i0.wp.com\/infinitekorea.fr\/wp-content\/uploads\/2025\/07\/2b82a31e67a9c3ebfcbb8e5c5d841585-1.jpg?fit=768%2C768&ssl=1&resize=525%2C300 1.5x, https:\/\/i0.wp.com\/infinitekorea.fr\/wp-content\/uploads\/2025\/07\/2b82a31e67a9c3ebfcbb8e5c5d841585-1.jpg?fit=768%2C768&ssl=1&resize=700%2C400 2x"},"classes":[]},{"id":2769,"url":"https:\/\/infinitekorea.fr\/en\/product\/dr-althea-pdrn-reju-5000-cream-20-g\/","url_meta":{"origin":3132,"position":1},"title":"DR. ALTHEA \u2013 PDRN Reju 5000 Cream (20 g)","author":"pearlzahide","date":"February 17, 2026","format":false,"excerpt":"Cr\u00e8me visage r\u00e9g\u00e9n\u00e9rante 20\u202fg avec PDRN 5000\u202fppm, acide hyaluronique et extraits apaisants, pour hydrater, r\u00e9parer et renforcer la peau en profondeur.","rel":"","context":"Similar post","block_context":{"text":"Similar post","link":""},"img":{"alt_text":"","src":"https:\/\/i0.wp.com\/infinitekorea.fr\/wp-content\/uploads\/2026\/02\/dr-althea-pdrn-reju-5000-cream-20g-01.webp?fit=800%2C800&ssl=1&resize=350%2C200","width":350,"height":200,"srcset":"https:\/\/i0.wp.com\/infinitekorea.fr\/wp-content\/uploads\/2026\/02\/dr-althea-pdrn-reju-5000-cream-20g-01.webp?fit=800%2C800&ssl=1&resize=350%2C200 1x, https:\/\/i0.wp.com\/infinitekorea.fr\/wp-content\/uploads\/2026\/02\/dr-althea-pdrn-reju-5000-cream-20g-01.webp?fit=800%2C800&ssl=1&resize=525%2C300 1.5x, https:\/\/i0.wp.com\/infinitekorea.fr\/wp-content\/uploads\/2026\/02\/dr-althea-pdrn-reju-5000-cream-20g-01.webp?fit=800%2C800&ssl=1&resize=700%2C400 2x"},"classes":[]},{"id":1966,"url":"https:\/\/infinitekorea.fr\/en\/product\/dr-althea-345-relief-cream-50ml\/","url_meta":{"origin":3132,"position":2},"title":"DR. ALTHEA &#8211; 345 Relief Cream (50ml)","author":"pearlzahide","date":"October 28, 2025","format":false,"excerpt":"Cr\u00e8me apaisante aux c\u00e9ramides et panth\u00e9nol, id\u00e9ale pour les peaux sensibles et \u00e0 tendance acn\u00e9ique. Elle hydrate, r\u00e9pare la barri\u00e8re cutan\u00e9e et aide \u00e0 r\u00e9duire rougeurs et marques post-acn\u00e9.","rel":"","context":"Similar post","block_context":{"text":"Similar post","link":""},"img":{"alt_text":"","src":"https:\/\/i0.wp.com\/infinitekorea.fr\/wp-content\/uploads\/2025\/10\/main_image_24_1024x1024.webp?fit=1024%2C1024&ssl=1&resize=350%2C200","width":350,"height":200,"srcset":"https:\/\/i0.wp.com\/infinitekorea.fr\/wp-content\/uploads\/2025\/10\/main_image_24_1024x1024.webp?fit=1024%2C1024&ssl=1&resize=350%2C200 1x, https:\/\/i0.wp.com\/infinitekorea.fr\/wp-content\/uploads\/2025\/10\/main_image_24_1024x1024.webp?fit=1024%2C1024&ssl=1&resize=525%2C300 1.5x, https:\/\/i0.wp.com\/infinitekorea.fr\/wp-content\/uploads\/2025\/10\/main_image_24_1024x1024.webp?fit=1024%2C1024&ssl=1&resize=700%2C400 2x"},"classes":[]},{"id":3142,"url":"https:\/\/infinitekorea.fr\/en\/product\/3142\/","url_meta":{"origin":3132,"position":3},"title":"DR. ALTHEA &#8211; Melaclear Cream (20g)","author":"pearlzahide","date":"April 10, 2026","format":false,"excerpt":"Cr\u00e8me anti-taches qui aide \u00e0 r\u00e9duire l\u2019hyperpigmentation, uniformiser le teint et am\u00e9liorer l\u2019\u00e9clat de la peau tout en respectant les peaux sensibles.","rel":"","context":"Similar post","block_context":{"text":"Similar post","link":""},"img":{"alt_text":"","src":"https:\/\/i0.wp.com\/infinitekorea.fr\/wp-content\/uploads\/2026\/04\/Dr.AltheaMelaclearCream20g.webp?fit=750%2C750&ssl=1&resize=350%2C200","width":350,"height":200,"srcset":"https:\/\/i0.wp.com\/infinitekorea.fr\/wp-content\/uploads\/2026\/04\/Dr.AltheaMelaclearCream20g.webp?fit=750%2C750&ssl=1&resize=350%2C200 1x, https:\/\/i0.wp.com\/infinitekorea.fr\/wp-content\/uploads\/2026\/04\/Dr.AltheaMelaclearCream20g.webp?fit=750%2C750&ssl=1&resize=525%2C300 1.5x, https:\/\/i0.wp.com\/infinitekorea.fr\/wp-content\/uploads\/2026\/04\/Dr.AltheaMelaclearCream20g.webp?fit=750%2C750&ssl=1&resize=700%2C400 2x"},"classes":[]},{"id":3126,"url":"https:\/\/infinitekorea.fr\/en\/product\/dr-melaxin-facephalt-tightening-cream-50-g\/","url_meta":{"origin":3132,"position":4},"title":"DR. MELAXIN \u2013 Facephalt Tightening Cream (50 g)","author":"pearlzahide","date":"April 8, 2026","format":false,"excerpt":"Cr\u00e8me raffermissante \u00e0 effet tenseur qui aide \u00e0 am\u00e9liorer l\u2019\u00e9lasticit\u00e9, lisser la peau et r\u00e9duire l\u2019apparence des pores pour un teint plus ferme et uniforme.","rel":"","context":"Similar post","block_context":{"text":"Similar post","link":""},"img":{"alt_text":"","src":"https:\/\/i0.wp.com\/infinitekorea.fr\/wp-content\/uploads\/2026\/04\/Dr.Melaxin-Facephalt-Tightening-Cream-800x800-1.jpg?fit=800%2C800&ssl=1&resize=350%2C200","width":350,"height":200,"srcset":"https:\/\/i0.wp.com\/infinitekorea.fr\/wp-content\/uploads\/2026\/04\/Dr.Melaxin-Facephalt-Tightening-Cream-800x800-1.jpg?fit=800%2C800&ssl=1&resize=350%2C200 1x, https:\/\/i0.wp.com\/infinitekorea.fr\/wp-content\/uploads\/2026\/04\/Dr.Melaxin-Facephalt-Tightening-Cream-800x800-1.jpg?fit=800%2C800&ssl=1&resize=525%2C300 1.5x, https:\/\/i0.wp.com\/infinitekorea.fr\/wp-content\/uploads\/2026\/04\/Dr.Melaxin-Facephalt-Tightening-Cream-800x800-1.jpg?fit=800%2C800&ssl=1&resize=700%2C400 2x"},"classes":[]},{"id":1975,"url":"https:\/\/infinitekorea.fr\/en\/product\/dr-althea-pure-grinding-cleansing-balm-50-ml\/","url_meta":{"origin":3132,"position":5},"title":"DR. ALTHEA \u2013 Pure Grinding Cleansing Balm (50\u202fml)","author":"pearlzahide","date":"October 28, 2025","format":false,"excerpt":"Baume d\u00e9maquillant qui dissout maquillage et impuret\u00e9s tout en nourrissant la peau.","rel":"","context":"Similar post","block_context":{"text":"Similar post","link":""},"img":{"alt_text":"","src":"https:\/\/i0.wp.com\/infinitekorea.fr\/wp-content\/uploads\/2025\/10\/cleansingbalm.webp?fit=1200%2C1200&ssl=1&resize=350%2C200","width":350,"height":200,"srcset":"https:\/\/i0.wp.com\/infinitekorea.fr\/wp-content\/uploads\/2025\/10\/cleansingbalm.webp?fit=1200%2C1200&ssl=1&resize=350%2C200 1x, https:\/\/i0.wp.com\/infinitekorea.fr\/wp-content\/uploads\/2025\/10\/cleansingbalm.webp?fit=1200%2C1200&ssl=1&resize=525%2C300 1.5x, https:\/\/i0.wp.com\/infinitekorea.fr\/wp-content\/uploads\/2025\/10\/cleansingbalm.webp?fit=1200%2C1200&ssl=1&resize=700%2C400 2x, https:\/\/i0.wp.com\/infinitekorea.fr\/wp-content\/uploads\/2025\/10\/cleansingbalm.webp?fit=1200%2C1200&ssl=1&resize=1050%2C600 3x"},"classes":[]}],"_links":{"self":[{"href":"https:\/\/infinitekorea.fr\/en\/wp-json\/wp\/v2\/product\/3132","targetHints":{"allow":["GET"]}}],"collection":[{"href":"https:\/\/infinitekorea.fr\/en\/wp-json\/wp\/v2\/product"}],"about":[{"href":"https:\/\/infinitekorea.fr\/en\/wp-json\/wp\/v2\/types\/product"}],"wp:featuredmedia":[{"embeddable":true,"href":"https:\/\/infinitekorea.fr\/en\/wp-json\/wp\/v2\/media\/3134"}],"wp:attachment":[{"href":"https:\/\/infinitekorea.fr\/en\/wp-json\/wp\/v2\/media?parent=3132"}],"wp:term":[{"taxonomy":"product_brand","embeddable":true,"href":"https:\/\/infinitekorea.fr\/en\/wp-json\/wp\/v2\/product_brand?post=3132"},{"taxonomy":"product_cat","embeddable":true,"href":"https:\/\/infinitekorea.fr\/en\/wp-json\/wp\/v2\/product_cat?post=3132"},{"taxonomy":"product_tag","embeddable":true,"href":"https:\/\/infinitekorea.fr\/en\/wp-json\/wp\/v2\/product_tag?post=3132"}],"curies":[{"name":"wp","href":"https:\/\/api.w.org\/{rel}","templated":true}]}}